{"id":2681,"date":"2018-03-15T10:44:02","date_gmt":"2018-03-15T09:44:02","guid":{"rendered":"http:\/\/stremabenelux.nl\/fr\/privacy-verklaring\/"},"modified":"2021-03-05T09:12:14","modified_gmt":"2021-03-05T08:12:14","slug":"declaration-de-confidentialite","status":"publish","type":"page","link":"https:\/\/stremabenelux.nl\/fr\/declaration-de-confidentialite\/","title":{"rendered":"D\u00e9claration de confidentialit\u00e9"},"content":{"rendered":"<h1>D\u00e9claration de confidentialit\u00e9<\/h1>\n<p>Strema B.V., est responsable du traitement des donn\u00e9es personnelles comme indiqu\u00e9 dans cette d\u00e9claration de confidentialit\u00e9.<\/p>\n<p>D\u00e9tails du contact:<\/p>\n<p><a href=\"http:\/\/stremabenelux.nl\/fr\">http:\/\/stremabenelux.nl\/fr<\/a><br \/>\nSchotwillemsweg 5<br \/>\nNL-7434 PV Lettele<br \/>\nPays Bas<br \/>\n<a href=\"tel:+31 (0) 570 55 10 92\">+31 (0) 570 55 10 92<\/a><\/p>\n<h2>Donn\u00e9es personnelles que nous traitons<\/h2>\n<p>Strema B.V. traite vos donn\u00e9es personnelles parce que vous utilisez nos services et \/ ou parce que vous les fournissez vous-m\u00eame. Vous trouverez ci-dessous un aper\u00e7u des donn\u00e9es personnelles que nous traitons:<\/p>\n<ul>\n<li>Pr\u00e9nom et nom<\/li>\n<li>Donn\u00e9es d&rsquo;adresse<\/li>\n<li>Num\u00e9ro de t\u00e9l\u00e9phone<\/li>\n<li>Adresse e-mail<\/li>\n<li>Adresse IP<\/li>\n<li>Autres donn\u00e9es personnelles que vous fournissez activement, par exemple en cr\u00e9ant un profil sur ce site Web, dans la correspondance et par t\u00e9l\u00e9phone<\/li>\n<li>Navigateur Internet et type d&rsquo;appareil<\/li>\n<li>Num\u00e9ro de compte bancaire<\/li>\n<\/ul>\n<h2>Donn\u00e9es personnelles sp\u00e9ciales et \/ ou sensibles que nous traitons<\/h2>\n<p>Notre site Web et \/ ou service n&rsquo;a pas l&rsquo;intention de collecter des donn\u00e9es sur les visiteurs du site Web \u00e2g\u00e9s de moins de 16 ans. Sauf s&rsquo;ils ont l&rsquo;autorisation de leurs parents ou tuteurs. Cependant, nous ne pouvons pas v\u00e9rifier si un visiteur a plus de 16 ans. Nous conseillons donc aux parents de s&rsquo;impliquer dans les activit\u00e9s en ligne de leurs enfants, afin d&rsquo;\u00e9viter que des donn\u00e9es sur les enfants ne soient collect\u00e9es sans le consentement des parents. Si vous \u00eates convaincu que nous avons collect\u00e9 des informations personnelles sur un mineur sans cette autorisation, veuillez nous contacter via <a href=\"mailto:ma************@****ma.nl\" data-original-string=\"pjEKc8oo+AwPuB+qe9IAyQ==f26\/UekL3n1GLEBHSE2wonoYisC+DbmE1zGPkR0BfFXop4=\" title=\"This contact has been encoded by Anti-Spam by CleanTalk. Click to decode. To finish the decoding make sure that JavaScript is enabled in your browser.\"><span \n                data-original-string='1tfW8SWsCNz80t9aEp7OqQ==f26LRR\/N7XcfiooLUHqTKJ\/74qyPnVeVZhw6H9dHc4+540='\n                class='apbct-email-encoder'\n                title='This contact has been encoded by Anti-Spam by CleanTalk. Click to decode. To finish the decoding make sure that JavaScript is enabled in your browser.'>ma<span class=\"apbct-blur\">************<\/span>@<span class=\"apbct-blur\">****<\/span>ma.nl<\/span><\/a> et nous supprimerons ces informations.<\/p>\n<h2>Dans quel but et sur quelle base nous traitons les donn\u00e9es personnelles<\/h2>\n<p>Strema B.V. traite vos donn\u00e9es personnelles aux fins suivantes:<\/p>\n<ul>\n<li>Traitement de votre paiement<\/li>\n<li>Envoi de notre newsletter et \/ ou brochure publicitaire<\/li>\n<li>Pour pouvoir vous appeler ou vous envoyer un e-mail si n\u00e9cessaire pour effectuer nos services<\/li>\n<li>Pour vous informer des modifications apport\u00e9es \u00e0 nos services et produits<\/li>\n<li>Pour vous offrir la possibilit\u00e9 de cr\u00e9er un compte<\/li>\n<li>Pour vous livrer des biens et services<\/li>\n<\/ul>\n<h2>Prise de d\u00e9cision automatis\u00e9e<\/h2>\n<p>Sur la base d&rsquo;un traitement automatis\u00e9, Strema B.V. ne prend pas de d\u00e9cisions sur des questions pouvant avoir des cons\u00e9quences (importantes) pour les personnes. Ce sont des d\u00e9cisions qui sont prises par des programmes ou des syst\u00e8mes informatiques, sans qu&rsquo;un \u00eatre humain (par exemple un employ\u00e9 de Strema B.V.) ne soit impliqu\u00e9.<\/p>\n<h2>Combien de temps nous conservons les donn\u00e9es personnelles<\/h2>\n<div class=\"option\">Strema B.V. ne stocke pas vos donn\u00e9es personnelles plus longtemps que ce qui est strictement n\u00e9cessaire pour atteindre les objectifs pour lesquels vos donn\u00e9es sont collect\u00e9es. Nous utilisons les p\u00e9riodes de conservation suivantes pour les (cat\u00e9gories) de donn\u00e9es personnelles suivantes: (Cat\u00e9gorie) donn\u00e9es personnelles&gt; P\u00e9riode de conservation&gt; Raison Personalia&gt; P\u00e9riode de conservation&gt; Raison Adresse&gt; P\u00e9riode de conservation&gt; Raison Etc.&gt; P\u00e9riode de conservation&gt; Raison<\/div>\n<h2>Partage de donn\u00e9es personnelles avec des tiers<\/h2>\n<p>Strema B.V. fournit uniquement \u00e0 des tiers et uniquement si cela est n\u00e9cessaire pour l&rsquo;ex\u00e9cution de notre accord avec vous ou pour se conformer \u00e0 une obligation l\u00e9gale.<\/p>\n<h2>Cookies, ou techniques similaires, que nous utilisons<\/h2>\n<p>Strema B.V. utilise des cookies fonctionnels, analytiques et de suivi. Un cookie est un petit fichier texte qui est stock\u00e9 dans le navigateur de votre ordinateur, tablette ou smartphone lors de votre premi\u00e8re visite sur ce site. Strema B.V. utilise des cookies avec une fonctionnalit\u00e9 purement technique. Ceux-ci garantissent que le site Web fonctionne correctement et que, par exemple, vos param\u00e8tres pr\u00e9f\u00e9r\u00e9s sont m\u00e9moris\u00e9s. Ces cookies sont \u00e9galement utilis\u00e9s pour faire fonctionner correctement le site Web et pour l&rsquo;optimiser. De plus, nous pla\u00e7ons des cookies qui gardent une trace de votre comportement de navigation afin que nous puissions offrir un contenu et des publicit\u00e9s personnalis\u00e9s. Lors de votre premi\u00e8re visite sur notre site Web, nous vous avons d\u00e9j\u00e0 inform\u00e9 de ces cookies et demand\u00e9 l&rsquo;autorisation de les placer. Vous pouvez d\u00e9sactiver les cookies en param\u00e9trant votre navigateur Internet pour qu&rsquo;il ne stocke plus de cookies. En outre, vous pouvez \u00e9galement supprimer toutes les informations pr\u00e9c\u00e9demment stock\u00e9es via les param\u00e8tres de votre navigateur. Pour une explication, voir: <a href=\"https:\/\/veiliginternetten.nl\/themes\/situatie\/cookies-wat-zijn-het-en-wat-doe-ik-ermee\/\" target=\"_blank\" rel=\"noopener noreferrer\">https:\/\/veiliginternetten.nl\/themes\/situatie\/cookies-wat-zijn-het-en-wat-doe-ik-ermee\/<\/a><\/p>\n<h2>Afficher, modifier ou supprimer des donn\u00e9es<\/h2>\n<p style=\"text-align: left;\">Vous avez le droit de consulter, de corriger ou de supprimer vos donn\u00e9es personnelles. Vous avez \u00e9galement le droit de retirer votre consentement au traitement des donn\u00e9es ou de vous opposer au traitement de vos donn\u00e9es personnelles par Strema B.V.et vous avez le droit \u00e0 la portabilit\u00e9 des donn\u00e9es. Cela signifie que vous pouvez nous soumettre une demande d&rsquo;envoi des donn\u00e9es personnelles que nous d\u00e9tenons \u00e0 votre sujet dans un fichier informatique \u00e0 vous ou \u00e0 une autre organisation que vous avez mentionn\u00e9e. Vous pouvez envoyer une demande d&rsquo;acc\u00e8s, de correction, de suppression, de transfert de donn\u00e9es de vos donn\u00e9es personnelles ou une demande d&rsquo;annulation de votre consentement ou d&rsquo;opposition au traitement de vos donn\u00e9es personnelles \u00e0  <a href=\"mailto:ma************@****ma.nl\" data-original-string=\"o0yOuAS8BoF\/1wMgVIh71g==f26MeYN8Bs4zR5kBsSKXbJpQiXBHaOPhtir7MwJYpYNeUE=\" title=\"This contact has been encoded by Anti-Spam by CleanTalk. Click to decode. To finish the decoding make sure that JavaScript is enabled in your browser.\"><span \n                data-original-string='Tl+jS3wsMu7RmL2EjNmqOw==f26Dn62Tq9M6MXPUx\/+c03i1tu8iLADnUK4vnFosgHkCpM='\n                class='apbct-email-encoder'\n                title='This contact has been encoded by Anti-Spam by CleanTalk. Click to decode. To finish the decoding make sure that JavaScript is enabled in your browser.'>ma<span class=\"apbct-blur\">************<\/span>@<span class=\"apbct-blur\">****<\/span>ma.nl<\/span><\/a>. Pour vous assurer que la demande d&rsquo;acc\u00e8s a bien \u00e9t\u00e9 faite par vous, nous vous demandons d&rsquo;envoyer une copie de votre pi\u00e8ce d&rsquo;identit\u00e9 avec la demande. Faites en noir votre photo d&rsquo;identit\u00e9, MRZ (zone lisible par machine, la bande avec les num\u00e9ros au bas du passeport), le num\u00e9ro de passeport et le num\u00e9ro de service aux citoyens (BSN). C&rsquo;est pour prot\u00e9ger votre vie priv\u00e9e. Nous r\u00e9pondrons \u00e0 votre demande dans les plus brefs d\u00e9lais, mais sous quatre semaines. Strema B.V. tient \u00e9galement \u00e0 souligner que vous avez la possibilit\u00e9 de d\u00e9poser une plainte aupr\u00e8s de l&rsquo;autorit\u00e9 de contr\u00f4le nationale, l&rsquo;autorit\u00e9 n\u00e9erlandaise de protection des donn\u00e9es. Cela peut \u00eatre fait via le lien suivant: <a href=\"https:\/\/autoriteitpersoonsgegevens.nl\/nl\/contact-met-de-autoriteit-persoonsgegevens\/tip-ons\\\">https:\/\/autoriteitpersoonsgegevens.nl\/nl\/contact-met-de-autoriteit-persoonsgegevens\/tip-ons<\/a>\\<\/p>\n<h2>Comment nous s\u00e9curisons les donn\u00e9es personnelles<\/h2>\n<p>Strema B.V. prend la protection de vos donn\u00e9es au s\u00e9rieux et prend les mesures appropri\u00e9es pour \u00e9viter les abus, les pertes, les acc\u00e8s non autoris\u00e9s, les divulgations non d\u00e9sir\u00e9es et les modifications non autoris\u00e9es. Si vous avez l&rsquo;impression que vos donn\u00e9es ne sont pas correctement s\u00e9curis\u00e9es ou s&rsquo;il y a des indices d&rsquo;abus, veuillez contacter notre service client ou via  <a href=\"mailto:ma************@****ma.nl\" data-original-string=\"HNtoE6iEa7mDR7yaZuKqDQ==f26Pwy+OLPC31dNlcmfkl\/TgL7E4N58SzKvdTbL0H\/DH9o=\" title=\"This contact has been encoded by Anti-Spam by CleanTalk. Click to decode. To finish the decoding make sure that JavaScript is enabled in your browser.\"><span \n                data-original-string='h7D9bRLpnGIi13mnrLVB2A==f26YWg8dzKysQvp+S34uVZzejGb+yF43\/GI6BqZNfYe2cI='\n                class='apbct-email-encoder'\n                title='This contact has been encoded by Anti-Spam by CleanTalk. Click to decode. To finish the decoding make sure that JavaScript is enabled in your browser.'>ma<span class=\"apbct-blur\">************<\/span>@<span class=\"apbct-blur\">****<\/span>ma.nl<\/span>.<\/a><\/p>\n","protected":false},"excerpt":{"rendered":"<p>D\u00e9claration de confidentialit\u00e9 Strema B.V., est responsable du traitement des donn\u00e9es personnelles comme indiqu\u00e9 dans cette d\u00e9claration de confidentialit\u00e9. D\u00e9tails du contact: http:\/\/stremabenelux.nl\/fr Schotwillemsweg 5 NL-7434 PV Lettele Pays Bas +31 (0) 570 55 10 92 Donn\u00e9es personnelles que nous traitons Strema B.V. traite vos donn\u00e9es personnelles parce que vous utilisez nos services et \/ [&hellip;]<\/p>\n","protected":false},"author":1,"featured_media":0,"parent":0,"menu_order":6,"comment_status":"closed","ping_status":"closed","template":"","meta":{"footnotes":""},"class_list":["post-2681","page","type-page","status-publish","hentry"],"yoast_head":"<!-- This site is optimized with the Yoast SEO plugin v26.4 - https:\/\/yoast.com\/wordpress\/plugins\/seo\/ -->\n<title>D\u00e9claration de confidentialit\u00e9 - Stremabenelux.fr (FR)<\/title>\n<meta name=\"description\" content=\"Strema B.V., est responsable du traitement des donn\u00e9es personnelles comme indiqu\u00e9 dans cette d\u00e9claration de confidentialit\u00e9. | STREMA\" \/>\n<meta name=\"robots\" content=\"index, follow, max-snippet:-1, max-image-preview:large, max-video-preview:-1\" \/>\n<link rel=\"canonical\" href=\"https:\/\/stremabenelux.nl\/fr\/declaration-de-confidentialite\/\" \/>\n<meta property=\"og:locale\" content=\"fr_FR\" \/>\n<meta property=\"og:type\" content=\"article\" \/>\n<meta property=\"og:title\" content=\"D\u00e9claration de confidentialit\u00e9 - Stremabenelux.fr (FR)\" \/>\n<meta property=\"og:description\" content=\"Strema B.V., est responsable du traitement des donn\u00e9es personnelles comme indiqu\u00e9 dans cette d\u00e9claration de confidentialit\u00e9. | STREMA\" \/>\n<meta property=\"og:url\" content=\"https:\/\/stremabenelux.nl\/fr\/declaration-de-confidentialite\/\" \/>\n<meta property=\"og:site_name\" content=\"Stremabenelux.fr (FR)\" \/>\n<meta property=\"article:modified_time\" content=\"2021-03-05T08:12:14+00:00\" \/>\n<meta name=\"twitter:card\" content=\"summary_large_image\" \/>\n<meta name=\"twitter:label1\" content=\"Dur\u00e9e de lecture estim\u00e9e\" \/>\n\t<meta name=\"twitter:data1\" content=\"5 minutes\" \/>\n<script type=\"application\/ld+json\" class=\"yoast-schema-graph\">{\"@context\":\"https:\/\/schema.org\",\"@graph\":[{\"@type\":\"WebPage\",\"@id\":\"https:\/\/stremabenelux.nl\/fr\/declaration-de-confidentialite\/\",\"url\":\"https:\/\/stremabenelux.nl\/fr\/declaration-de-confidentialite\/\",\"name\":\"D\u00e9claration de confidentialit\u00e9 - Stremabenelux.fr (FR)\",\"isPartOf\":{\"@id\":\"https:\/\/stremabenelux.nl\/fr\/#website\"},\"datePublished\":\"2018-03-15T09:44:02+00:00\",\"dateModified\":\"2021-03-05T08:12:14+00:00\",\"description\":\"Strema B.V., est responsable du traitement des donn\u00e9es personnelles comme indiqu\u00e9 dans cette d\u00e9claration de confidentialit\u00e9. | STREMA\",\"breadcrumb\":{\"@id\":\"https:\/\/stremabenelux.nl\/fr\/declaration-de-confidentialite\/#breadcrumb\"},\"inLanguage\":\"fr-FR\",\"potentialAction\":[{\"@type\":\"ReadAction\",\"target\":[\"https:\/\/stremabenelux.nl\/fr\/declaration-de-confidentialite\/\"]}]},{\"@type\":\"BreadcrumbList\",\"@id\":\"https:\/\/stremabenelux.nl\/fr\/declaration-de-confidentialite\/#breadcrumb\",\"itemListElement\":[{\"@type\":\"ListItem\",\"position\":1,\"name\":\"Home\",\"item\":\"https:\/\/stremabenelux.nl\/fr\/\"},{\"@type\":\"ListItem\",\"position\":2,\"name\":\"D\u00e9claration de confidentialit\u00e9\"}]},{\"@type\":\"WebSite\",\"@id\":\"https:\/\/stremabenelux.nl\/fr\/#website\",\"url\":\"https:\/\/stremabenelux.nl\/fr\/\",\"name\":\"Stremabenelux.fr (FR)\",\"description\":\"\",\"potentialAction\":[{\"@type\":\"SearchAction\",\"target\":{\"@type\":\"EntryPoint\",\"urlTemplate\":\"https:\/\/stremabenelux.nl\/fr\/?s={search_term_string}\"},\"query-input\":{\"@type\":\"PropertyValueSpecification\",\"valueRequired\":true,\"valueName\":\"search_term_string\"}}],\"inLanguage\":\"fr-FR\"}]}<\/script>\n<!-- \/ Yoast SEO plugin. -->","yoast_head_json":{"title":"D\u00e9claration de confidentialit\u00e9 - Stremabenelux.fr (FR)","description":"Strema B.V., est responsable du traitement des donn\u00e9es personnelles comme indiqu\u00e9 dans cette d\u00e9claration de confidentialit\u00e9. | STREMA","robots":{"index":"index","follow":"follow","max-snippet":"max-snippet:-1","max-image-preview":"max-image-preview:large","max-video-preview":"max-video-preview:-1"},"canonical":"https:\/\/stremabenelux.nl\/fr\/declaration-de-confidentialite\/","og_locale":"fr_FR","og_type":"article","og_title":"D\u00e9claration de confidentialit\u00e9 - Stremabenelux.fr (FR)","og_description":"Strema B.V., est responsable du traitement des donn\u00e9es personnelles comme indiqu\u00e9 dans cette d\u00e9claration de confidentialit\u00e9. | STREMA","og_url":"https:\/\/stremabenelux.nl\/fr\/declaration-de-confidentialite\/","og_site_name":"Stremabenelux.fr (FR)","article_modified_time":"2021-03-05T08:12:14+00:00","twitter_card":"summary_large_image","twitter_misc":{"Dur\u00e9e de lecture estim\u00e9e":"5 minutes"},"schema":{"@context":"https:\/\/schema.org","@graph":[{"@type":"WebPage","@id":"https:\/\/stremabenelux.nl\/fr\/declaration-de-confidentialite\/","url":"https:\/\/stremabenelux.nl\/fr\/declaration-de-confidentialite\/","name":"D\u00e9claration de confidentialit\u00e9 - Stremabenelux.fr (FR)","isPartOf":{"@id":"https:\/\/stremabenelux.nl\/fr\/#website"},"datePublished":"2018-03-15T09:44:02+00:00","dateModified":"2021-03-05T08:12:14+00:00","description":"Strema B.V., est responsable du traitement des donn\u00e9es personnelles comme indiqu\u00e9 dans cette d\u00e9claration de confidentialit\u00e9. | STREMA","breadcrumb":{"@id":"https:\/\/stremabenelux.nl\/fr\/declaration-de-confidentialite\/#breadcrumb"},"inLanguage":"fr-FR","potentialAction":[{"@type":"ReadAction","target":["https:\/\/stremabenelux.nl\/fr\/declaration-de-confidentialite\/"]}]},{"@type":"BreadcrumbList","@id":"https:\/\/stremabenelux.nl\/fr\/declaration-de-confidentialite\/#breadcrumb","itemListElement":[{"@type":"ListItem","position":1,"name":"Home","item":"https:\/\/stremabenelux.nl\/fr\/"},{"@type":"ListItem","position":2,"name":"D\u00e9claration de confidentialit\u00e9"}]},{"@type":"WebSite","@id":"https:\/\/stremabenelux.nl\/fr\/#website","url":"https:\/\/stremabenelux.nl\/fr\/","name":"Stremabenelux.fr (FR)","description":"","potentialAction":[{"@type":"SearchAction","target":{"@type":"EntryPoint","urlTemplate":"https:\/\/stremabenelux.nl\/fr\/?s={search_term_string}"},"query-input":{"@type":"PropertyValueSpecification","valueRequired":true,"valueName":"search_term_string"}}],"inLanguage":"fr-FR"}]}},"_links":{"self":[{"href":"https:\/\/stremabenelux.nl\/fr\/wp-json\/wp\/v2\/pages\/2681","targetHints":{"allow":["GET"]}}],"collection":[{"href":"https:\/\/stremabenelux.nl\/fr\/wp-json\/wp\/v2\/pages"}],"about":[{"href":"https:\/\/stremabenelux.nl\/fr\/wp-json\/wp\/v2\/types\/page"}],"author":[{"embeddable":true,"href":"https:\/\/stremabenelux.nl\/fr\/wp-json\/wp\/v2\/users\/1"}],"replies":[{"embeddable":true,"href":"https:\/\/stremabenelux.nl\/fr\/wp-json\/wp\/v2\/comments?post=2681"}],"version-history":[{"count":2,"href":"https:\/\/stremabenelux.nl\/fr\/wp-json\/wp\/v2\/pages\/2681\/revisions"}],"predecessor-version":[{"id":4131,"href":"https:\/\/stremabenelux.nl\/fr\/wp-json\/wp\/v2\/pages\/2681\/revisions\/4131"}],"wp:attachment":[{"href":"https:\/\/stremabenelux.nl\/fr\/wp-json\/wp\/v2\/media?parent=2681"}],"curies":[{"name":"wp","href":"https:\/\/api.w.org\/{rel}","templated":true}]}}