{"id":3726,"date":"2020-06-15T14:08:19","date_gmt":"2020-06-15T13:08:19","guid":{"rendered":"http:\/\/stremabenelux.nl\/fr\/palletwikkelaar-2\/"},"modified":"2021-03-05T10:07:08","modified_gmt":"2021-03-05T09:07:08","slug":"banderoleuse-a-anneaux","status":"publish","type":"page","link":"https:\/\/stremabenelux.nl\/fr\/banderoleuse-a-anneaux\/","title":{"rendered":"Banderoleuse \u00e0 anneaux"},"content":{"rendered":"","protected":false},"excerpt":{"rendered":"","protected":false},"author":1,"featured_media":0,"parent":0,"menu_order":10,"comment_status":"closed","ping_status":"closed","template":"page_contentelementen.php","meta":{"footnotes":""},"class_list":["post-3726","page","type-page","status-publish","hentry"],"yoast_head":"<!-- This site is optimized with the Yoast SEO plugin v26.4 - https:\/\/yoast.com\/wordpress\/plugins\/seo\/ -->\n<title>Banderoleuse \u00e0 anneaux - Stremabenelux.fr (FR)<\/title>\n<meta name=\"description\" content=\"Une grande bague rotative avec le chariot de film se d\u00e9place verticalement de haut en bas autour de la charge \u00e0 emballer. | STREMA\" \/>\n<meta name=\"robots\" content=\"index, follow, max-snippet:-1, max-image-preview:large, max-video-preview:-1\" \/>\n<link rel=\"canonical\" href=\"https:\/\/stremabenelux.nl\/fr\/banderoleuse-a-anneaux\/\" \/>\n<meta property=\"og:locale\" content=\"fr_FR\" \/>\n<meta property=\"og:type\" content=\"article\" \/>\n<meta property=\"og:title\" content=\"Banderoleuse \u00e0 anneaux - Stremabenelux.fr (FR)\" \/>\n<meta property=\"og:description\" content=\"Une grande bague rotative avec le chariot de film se d\u00e9place verticalement de haut en bas autour de la charge \u00e0 emballer. | STREMA\" \/>\n<meta property=\"og:url\" content=\"https:\/\/stremabenelux.nl\/fr\/banderoleuse-a-anneaux\/\" \/>\n<meta property=\"og:site_name\" content=\"Stremabenelux.fr (FR)\" \/>\n<meta property=\"article:modified_time\" content=\"2021-03-05T09:07:08+00:00\" \/>\n<meta name=\"twitter:card\" content=\"summary_large_image\" \/>\n<script type=\"application\/ld+json\" class=\"yoast-schema-graph\">{\"@context\":\"https:\/\/schema.org\",\"@graph\":[{\"@type\":\"WebPage\",\"@id\":\"https:\/\/stremabenelux.nl\/fr\/banderoleuse-a-anneaux\/\",\"url\":\"https:\/\/stremabenelux.nl\/fr\/banderoleuse-a-anneaux\/\",\"name\":\"Banderoleuse \u00e0 anneaux - Stremabenelux.fr (FR)\",\"isPartOf\":{\"@id\":\"https:\/\/stremabenelux.nl\/fr\/#website\"},\"datePublished\":\"2020-06-15T13:08:19+00:00\",\"dateModified\":\"2021-03-05T09:07:08+00:00\",\"description\":\"Une grande bague rotative avec le chariot de film se d\u00e9place verticalement de haut en bas autour de la charge \u00e0 emballer. | STREMA\",\"breadcrumb\":{\"@id\":\"https:\/\/stremabenelux.nl\/fr\/banderoleuse-a-anneaux\/#breadcrumb\"},\"inLanguage\":\"fr-FR\",\"potentialAction\":[{\"@type\":\"ReadAction\",\"target\":[\"https:\/\/stremabenelux.nl\/fr\/banderoleuse-a-anneaux\/\"]}]},{\"@type\":\"BreadcrumbList\",\"@id\":\"https:\/\/stremabenelux.nl\/fr\/banderoleuse-a-anneaux\/#breadcrumb\",\"itemListElement\":[{\"@type\":\"ListItem\",\"position\":1,\"name\":\"Home\",\"item\":\"https:\/\/stremabenelux.nl\/fr\/\"},{\"@type\":\"ListItem\",\"position\":2,\"name\":\"Banderoleuse \u00e0 anneaux\"}]},{\"@type\":\"WebSite\",\"@id\":\"https:\/\/stremabenelux.nl\/fr\/#website\",\"url\":\"https:\/\/stremabenelux.nl\/fr\/\",\"name\":\"Stremabenelux.fr (FR)\",\"description\":\"\",\"potentialAction\":[{\"@type\":\"SearchAction\",\"target\":{\"@type\":\"EntryPoint\",\"urlTemplate\":\"https:\/\/stremabenelux.nl\/fr\/?s={search_term_string}\"},\"query-input\":{\"@type\":\"PropertyValueSpecification\",\"valueRequired\":true,\"valueName\":\"search_term_string\"}}],\"inLanguage\":\"fr-FR\"}]}<\/script>\n<!-- \/ Yoast SEO plugin. -->","yoast_head_json":{"title":"Banderoleuse \u00e0 anneaux - Stremabenelux.fr (FR)","description":"Une grande bague rotative avec le chariot de film se d\u00e9place verticalement de haut en bas autour de la charge \u00e0 emballer. | STREMA","robots":{"index":"index","follow":"follow","max-snippet":"max-snippet:-1","max-image-preview":"max-image-preview:large","max-video-preview":"max-video-preview:-1"},"canonical":"https:\/\/stremabenelux.nl\/fr\/banderoleuse-a-anneaux\/","og_locale":"fr_FR","og_type":"article","og_title":"Banderoleuse \u00e0 anneaux - Stremabenelux.fr (FR)","og_description":"Une grande bague rotative avec le chariot de film se d\u00e9place verticalement de haut en bas autour de la charge \u00e0 emballer. | STREMA","og_url":"https:\/\/stremabenelux.nl\/fr\/banderoleuse-a-anneaux\/","og_site_name":"Stremabenelux.fr (FR)","article_modified_time":"2021-03-05T09:07:08+00:00","twitter_card":"summary_large_image","schema":{"@context":"https:\/\/schema.org","@graph":[{"@type":"WebPage","@id":"https:\/\/stremabenelux.nl\/fr\/banderoleuse-a-anneaux\/","url":"https:\/\/stremabenelux.nl\/fr\/banderoleuse-a-anneaux\/","name":"Banderoleuse \u00e0 anneaux - Stremabenelux.fr (FR)","isPartOf":{"@id":"https:\/\/stremabenelux.nl\/fr\/#website"},"datePublished":"2020-06-15T13:08:19+00:00","dateModified":"2021-03-05T09:07:08+00:00","description":"Une grande bague rotative avec le chariot de film se d\u00e9place verticalement de haut en bas autour de la charge \u00e0 emballer. | STREMA","breadcrumb":{"@id":"https:\/\/stremabenelux.nl\/fr\/banderoleuse-a-anneaux\/#breadcrumb"},"inLanguage":"fr-FR","potentialAction":[{"@type":"ReadAction","target":["https:\/\/stremabenelux.nl\/fr\/banderoleuse-a-anneaux\/"]}]},{"@type":"BreadcrumbList","@id":"https:\/\/stremabenelux.nl\/fr\/banderoleuse-a-anneaux\/#breadcrumb","itemListElement":[{"@type":"ListItem","position":1,"name":"Home","item":"https:\/\/stremabenelux.nl\/fr\/"},{"@type":"ListItem","position":2,"name":"Banderoleuse \u00e0 anneaux"}]},{"@type":"WebSite","@id":"https:\/\/stremabenelux.nl\/fr\/#website","url":"https:\/\/stremabenelux.nl\/fr\/","name":"Stremabenelux.fr (FR)","description":"","potentialAction":[{"@type":"SearchAction","target":{"@type":"EntryPoint","urlTemplate":"https:\/\/stremabenelux.nl\/fr\/?s={search_term_string}"},"query-input":{"@type":"PropertyValueSpecification","valueRequired":true,"valueName":"search_term_string"}}],"inLanguage":"fr-FR"}]}},"_links":{"self":[{"href":"https:\/\/stremabenelux.nl\/fr\/wp-json\/wp\/v2\/pages\/3726","targetHints":{"allow":["GET"]}}],"collection":[{"href":"https:\/\/stremabenelux.nl\/fr\/wp-json\/wp\/v2\/pages"}],"about":[{"href":"https:\/\/stremabenelux.nl\/fr\/wp-json\/wp\/v2\/types\/page"}],"author":[{"embeddable":true,"href":"https:\/\/stremabenelux.nl\/fr\/wp-json\/wp\/v2\/users\/1"}],"replies":[{"embeddable":true,"href":"https:\/\/stremabenelux.nl\/fr\/wp-json\/wp\/v2\/comments?post=3726"}],"version-history":[{"count":35,"href":"https:\/\/stremabenelux.nl\/fr\/wp-json\/wp\/v2\/pages\/3726\/revisions"}],"predecessor-version":[{"id":4125,"href":"https:\/\/stremabenelux.nl\/fr\/wp-json\/wp\/v2\/pages\/3726\/revisions\/4125"}],"wp:attachment":[{"href":"https:\/\/stremabenelux.nl\/fr\/wp-json\/wp\/v2\/media?parent=3726"}],"curies":[{"name":"wp","href":"https:\/\/api.w.org\/{rel}","templated":true}]}}