{"id":3854,"date":"2020-07-10T13:50:40","date_gmt":"2020-07-10T12:50:40","guid":{"rendered":"http:\/\/stremabenelux.nl\/fr\/?page_id=3854"},"modified":"2022-04-21T11:44:52","modified_gmt":"2022-04-21T10:44:52","slug":"pourquoi-enrouler","status":"publish","type":"page","link":"https:\/\/stremabenelux.nl\/fr\/pourquoi-enrouler\/","title":{"rendered":"Pourquoi enrouler"},"content":{"rendered":"","protected":false},"excerpt":{"rendered":"","protected":false},"author":1,"featured_media":0,"parent":0,"menu_order":0,"comment_status":"closed","ping_status":"closed","template":"page_contentelementen.php","meta":{"footnotes":""},"class_list":["post-3854","page","type-page","status-publish","hentry"],"yoast_head":"<!-- This site is optimized with the Yoast SEO plugin v26.4 - https:\/\/yoast.com\/wordpress\/plugins\/seo\/ -->\n<title>Pourquoi enrouler - Stremabenelux.fr (FR)<\/title>\n<meta name=\"description\" content=\"Un grand avantage de l\u2019emballage par enroulement, est que c\u2019est tr\u00e8s flexible, le film \u00e9tirable peut \u00eatre appliqu\u00e9 l\u00e0 o\u00f9 c\u2019est n\u00e9cessaire. | STREMA\" \/>\n<meta name=\"robots\" content=\"index, follow, max-snippet:-1, max-image-preview:large, max-video-preview:-1\" \/>\n<link rel=\"canonical\" href=\"https:\/\/stremabenelux.nl\/fr\/pourquoi-enrouler\/\" \/>\n<meta property=\"og:locale\" content=\"fr_FR\" \/>\n<meta property=\"og:type\" content=\"article\" \/>\n<meta property=\"og:title\" content=\"Pourquoi enrouler - Stremabenelux.fr (FR)\" \/>\n<meta property=\"og:description\" content=\"Un grand avantage de l\u2019emballage par enroulement, est que c\u2019est tr\u00e8s flexible, le film \u00e9tirable peut \u00eatre appliqu\u00e9 l\u00e0 o\u00f9 c\u2019est n\u00e9cessaire. | STREMA\" \/>\n<meta property=\"og:url\" content=\"https:\/\/stremabenelux.nl\/fr\/pourquoi-enrouler\/\" \/>\n<meta property=\"og:site_name\" content=\"Stremabenelux.fr (FR)\" \/>\n<meta property=\"article:modified_time\" content=\"2022-04-21T10:44:52+00:00\" \/>\n<meta name=\"twitter:card\" content=\"summary_large_image\" \/>\n<script type=\"application\/ld+json\" class=\"yoast-schema-graph\">{\"@context\":\"https:\/\/schema.org\",\"@graph\":[{\"@type\":\"WebPage\",\"@id\":\"https:\/\/stremabenelux.nl\/fr\/pourquoi-enrouler\/\",\"url\":\"https:\/\/stremabenelux.nl\/fr\/pourquoi-enrouler\/\",\"name\":\"Pourquoi enrouler - Stremabenelux.fr (FR)\",\"isPartOf\":{\"@id\":\"https:\/\/stremabenelux.nl\/fr\/#website\"},\"datePublished\":\"2020-07-10T12:50:40+00:00\",\"dateModified\":\"2022-04-21T10:44:52+00:00\",\"description\":\"Un grand avantage de l\u2019emballage par enroulement, est que c\u2019est tr\u00e8s flexible, le film \u00e9tirable peut \u00eatre appliqu\u00e9 l\u00e0 o\u00f9 c\u2019est n\u00e9cessaire. | STREMA\",\"breadcrumb\":{\"@id\":\"https:\/\/stremabenelux.nl\/fr\/pourquoi-enrouler\/#breadcrumb\"},\"inLanguage\":\"fr-FR\",\"potentialAction\":[{\"@type\":\"ReadAction\",\"target\":[\"https:\/\/stremabenelux.nl\/fr\/pourquoi-enrouler\/\"]}]},{\"@type\":\"BreadcrumbList\",\"@id\":\"https:\/\/stremabenelux.nl\/fr\/pourquoi-enrouler\/#breadcrumb\",\"itemListElement\":[{\"@type\":\"ListItem\",\"position\":1,\"name\":\"Home\",\"item\":\"https:\/\/stremabenelux.nl\/fr\/\"},{\"@type\":\"ListItem\",\"position\":2,\"name\":\"Pourquoi enrouler\"}]},{\"@type\":\"WebSite\",\"@id\":\"https:\/\/stremabenelux.nl\/fr\/#website\",\"url\":\"https:\/\/stremabenelux.nl\/fr\/\",\"name\":\"Stremabenelux.fr (FR)\",\"description\":\"\",\"potentialAction\":[{\"@type\":\"SearchAction\",\"target\":{\"@type\":\"EntryPoint\",\"urlTemplate\":\"https:\/\/stremabenelux.nl\/fr\/?s={search_term_string}\"},\"query-input\":{\"@type\":\"PropertyValueSpecification\",\"valueRequired\":true,\"valueName\":\"search_term_string\"}}],\"inLanguage\":\"fr-FR\"}]}<\/script>\n<!-- \/ Yoast SEO plugin. -->","yoast_head_json":{"title":"Pourquoi enrouler - Stremabenelux.fr (FR)","description":"Un grand avantage de l\u2019emballage par enroulement, est que c\u2019est tr\u00e8s flexible, le film \u00e9tirable peut \u00eatre appliqu\u00e9 l\u00e0 o\u00f9 c\u2019est n\u00e9cessaire. | STREMA","robots":{"index":"index","follow":"follow","max-snippet":"max-snippet:-1","max-image-preview":"max-image-preview:large","max-video-preview":"max-video-preview:-1"},"canonical":"https:\/\/stremabenelux.nl\/fr\/pourquoi-enrouler\/","og_locale":"fr_FR","og_type":"article","og_title":"Pourquoi enrouler - Stremabenelux.fr (FR)","og_description":"Un grand avantage de l\u2019emballage par enroulement, est que c\u2019est tr\u00e8s flexible, le film \u00e9tirable peut \u00eatre appliqu\u00e9 l\u00e0 o\u00f9 c\u2019est n\u00e9cessaire. | STREMA","og_url":"https:\/\/stremabenelux.nl\/fr\/pourquoi-enrouler\/","og_site_name":"Stremabenelux.fr (FR)","article_modified_time":"2022-04-21T10:44:52+00:00","twitter_card":"summary_large_image","schema":{"@context":"https:\/\/schema.org","@graph":[{"@type":"WebPage","@id":"https:\/\/stremabenelux.nl\/fr\/pourquoi-enrouler\/","url":"https:\/\/stremabenelux.nl\/fr\/pourquoi-enrouler\/","name":"Pourquoi enrouler - Stremabenelux.fr (FR)","isPartOf":{"@id":"https:\/\/stremabenelux.nl\/fr\/#website"},"datePublished":"2020-07-10T12:50:40+00:00","dateModified":"2022-04-21T10:44:52+00:00","description":"Un grand avantage de l\u2019emballage par enroulement, est que c\u2019est tr\u00e8s flexible, le film \u00e9tirable peut \u00eatre appliqu\u00e9 l\u00e0 o\u00f9 c\u2019est n\u00e9cessaire. | STREMA","breadcrumb":{"@id":"https:\/\/stremabenelux.nl\/fr\/pourquoi-enrouler\/#breadcrumb"},"inLanguage":"fr-FR","potentialAction":[{"@type":"ReadAction","target":["https:\/\/stremabenelux.nl\/fr\/pourquoi-enrouler\/"]}]},{"@type":"BreadcrumbList","@id":"https:\/\/stremabenelux.nl\/fr\/pourquoi-enrouler\/#breadcrumb","itemListElement":[{"@type":"ListItem","position":1,"name":"Home","item":"https:\/\/stremabenelux.nl\/fr\/"},{"@type":"ListItem","position":2,"name":"Pourquoi enrouler"}]},{"@type":"WebSite","@id":"https:\/\/stremabenelux.nl\/fr\/#website","url":"https:\/\/stremabenelux.nl\/fr\/","name":"Stremabenelux.fr (FR)","description":"","potentialAction":[{"@type":"SearchAction","target":{"@type":"EntryPoint","urlTemplate":"https:\/\/stremabenelux.nl\/fr\/?s={search_term_string}"},"query-input":{"@type":"PropertyValueSpecification","valueRequired":true,"valueName":"search_term_string"}}],"inLanguage":"fr-FR"}]}},"_links":{"self":[{"href":"https:\/\/stremabenelux.nl\/fr\/wp-json\/wp\/v2\/pages\/3854","targetHints":{"allow":["GET"]}}],"collection":[{"href":"https:\/\/stremabenelux.nl\/fr\/wp-json\/wp\/v2\/pages"}],"about":[{"href":"https:\/\/stremabenelux.nl\/fr\/wp-json\/wp\/v2\/types\/page"}],"author":[{"embeddable":true,"href":"https:\/\/stremabenelux.nl\/fr\/wp-json\/wp\/v2\/users\/1"}],"replies":[{"embeddable":true,"href":"https:\/\/stremabenelux.nl\/fr\/wp-json\/wp\/v2\/comments?post=3854"}],"version-history":[{"count":20,"href":"https:\/\/stremabenelux.nl\/fr\/wp-json\/wp\/v2\/pages\/3854\/revisions"}],"predecessor-version":[{"id":4157,"href":"https:\/\/stremabenelux.nl\/fr\/wp-json\/wp\/v2\/pages\/3854\/revisions\/4157"}],"wp:attachment":[{"href":"https:\/\/stremabenelux.nl\/fr\/wp-json\/wp\/v2\/media?parent=3854"}],"curies":[{"name":"wp","href":"https:\/\/api.w.org\/{rel}","templated":true}]}}