{"id":726,"date":"2017-04-10T07:03:25","date_gmt":"2017-04-10T06:03:25","guid":{"rendered":"http:\/\/stremabenelux.nl\/fr\/disclaimer\/"},"modified":"2021-10-14T08:27:49","modified_gmt":"2021-10-14T07:27:49","slug":"clause-de-non-responsabilite","status":"publish","type":"page","link":"https:\/\/stremabenelux.nl\/fr\/clause-de-non-responsabilite\/","title":{"rendered":"Clause de non-responsabilit\u00e9"},"content":{"rendered":"<h2>Clause de non-responsabilit\u00e9 pour le site Web de Strema B.V.<\/h2>\n<p>Sur cette page, vous trouverez la clause de non-responsabilit\u00e9 de Strema B.V., mise \u00e0 disposition par Strema B.V. Dans cette clause de non-responsabilit\u00e9, nous indiquons sous quelle r\u00e9servation nous vous proposons les informations sur notre site Web.<\/p>\n<h2>Propri\u00e9t\u00e9 intellectuelle<\/h2>\n<p>L&rsquo;utilisation des informations sur ce site Web est gratuite tant que vous ne copiez pas, ne distribuez pas ou n&rsquo;utilisez pas ou n&rsquo;utilisez pas ces informations \u00e0 mauvais escient. Vous ne pouvez r\u00e9utiliser les informations sur ce site Web que conform\u00e9ment aux dispositions de la loi imp\u00e9rative.<\/p>\n<p>Il est interdit de r\u00e9utiliser du texte, du mat\u00e9riel photo ou d&rsquo;autres \u00e9l\u00e9ments sur ce site Web sans l&rsquo;autorisation \u00e9crite expresse de Strema B.V. La propri\u00e9t\u00e9 intellectuelle appartient \u00e0 Strema B.V.<\/p>\n<h2>Le cas \u00e9ch\u00e9ant<\/h2>\n<p>Pour les prix sur notre site Web, nous nous effor\u00e7ons d&rsquo;obtenir la repr\u00e9sentation la plus pr\u00e9cise possible de la r\u00e9alit\u00e9 et des prix pr\u00e9vus. Les erreurs qui surviennent et sont reconnaissables comme des erreurs de programmation ou de frappe ne constituent jamais une raison de r\u00e9clamer ou d&rsquo;assumer un contrat ou un accord avec Strema B.V.<\/p>\n<p>Strema B.V. s&rsquo;efforce de cr\u00e9er un site Web aussi actuel que possible. Si, malgr\u00e9 ces efforts, les informations ou le contenu de ce site Web sont incomplets et \/ ou incorrects, nous ne pouvons en accepter aucune responsabilit\u00e9.<\/p>\n<p>Les informations et \/ ou produits sur ce site sont propos\u00e9s sans aucune forme de garantie et \/ ou de pr\u00e9tention d&rsquo;exactitude. Nous nous r\u00e9servons le droit de modifier, supprimer ou republier ces documents sans pr\u00e9avis. Strema B.V. d\u00e9cline toute responsabilit\u00e9 pour toute information sur les sites Web auxquels nous renvoyons via des hyperliens.<\/p>\n<h2>Modifications<\/h2>\n<p>Si cette clause de non-responsabilit\u00e9 change, vous trouverez la version la plus r\u00e9cente de la clause de non-responsabilit\u00e9 de Strema B.V. sur cette page.<\/p>\n","protected":false},"excerpt":{"rendered":"<p>Clause de non-responsabilit\u00e9 pour le site Web de Strema B.V. Sur cette page, vous trouverez la clause de non-responsabilit\u00e9 de Strema B.V., mise \u00e0 disposition par Strema B.V. Dans cette clause de non-responsabilit\u00e9, nous indiquons sous quelle r\u00e9servation nous vous proposons les informations sur notre site Web. Propri\u00e9t\u00e9 intellectuelle L&rsquo;utilisation des informations sur ce site [&hellip;]<\/p>\n","protected":false},"author":1,"featured_media":0,"parent":0,"menu_order":5,"comment_status":"closed","ping_status":"closed","template":"","meta":{"footnotes":""},"class_list":["post-726","page","type-page","status-publish","hentry"],"yoast_head":"<!-- This site is optimized with the Yoast SEO plugin v26.4 - https:\/\/yoast.com\/wordpress\/plugins\/seo\/ -->\n<title>Clause de non-responsabilit\u00e9 - Stremabenelux.fr (FR)<\/title>\n<meta name=\"description\" content=\"Clause de non-responsabilit\u00e9 pour le site Web de Strema B.V. | STREMA\" \/>\n<meta name=\"robots\" content=\"index, follow, max-snippet:-1, max-image-preview:large, max-video-preview:-1\" \/>\n<link rel=\"canonical\" href=\"https:\/\/stremabenelux.nl\/fr\/clause-de-non-responsabilite\/\" \/>\n<meta property=\"og:locale\" content=\"fr_FR\" \/>\n<meta property=\"og:type\" content=\"article\" \/>\n<meta property=\"og:title\" content=\"Clause de non-responsabilit\u00e9 - Stremabenelux.fr (FR)\" \/>\n<meta property=\"og:description\" content=\"Clause de non-responsabilit\u00e9 pour le site Web de Strema B.V. | STREMA\" \/>\n<meta property=\"og:url\" content=\"https:\/\/stremabenelux.nl\/fr\/clause-de-non-responsabilite\/\" \/>\n<meta property=\"og:site_name\" content=\"Stremabenelux.fr (FR)\" \/>\n<meta property=\"article:modified_time\" content=\"2021-10-14T07:27:49+00:00\" \/>\n<meta name=\"twitter:card\" content=\"summary_large_image\" \/>\n<meta name=\"twitter:label1\" content=\"Dur\u00e9e de lecture estim\u00e9e\" \/>\n\t<meta name=\"twitter:data1\" content=\"2 minutes\" \/>\n<script type=\"application\/ld+json\" class=\"yoast-schema-graph\">{\"@context\":\"https:\/\/schema.org\",\"@graph\":[{\"@type\":\"WebPage\",\"@id\":\"https:\/\/stremabenelux.nl\/fr\/clause-de-non-responsabilite\/\",\"url\":\"https:\/\/stremabenelux.nl\/fr\/clause-de-non-responsabilite\/\",\"name\":\"Clause de non-responsabilit\u00e9 - Stremabenelux.fr (FR)\",\"isPartOf\":{\"@id\":\"https:\/\/stremabenelux.nl\/fr\/#website\"},\"datePublished\":\"2017-04-10T06:03:25+00:00\",\"dateModified\":\"2021-10-14T07:27:49+00:00\",\"description\":\"Clause de non-responsabilit\u00e9 pour le site Web de Strema B.V. | STREMA\",\"breadcrumb\":{\"@id\":\"https:\/\/stremabenelux.nl\/fr\/clause-de-non-responsabilite\/#breadcrumb\"},\"inLanguage\":\"fr-FR\",\"potentialAction\":[{\"@type\":\"ReadAction\",\"target\":[\"https:\/\/stremabenelux.nl\/fr\/clause-de-non-responsabilite\/\"]}]},{\"@type\":\"BreadcrumbList\",\"@id\":\"https:\/\/stremabenelux.nl\/fr\/clause-de-non-responsabilite\/#breadcrumb\",\"itemListElement\":[{\"@type\":\"ListItem\",\"position\":1,\"name\":\"Home\",\"item\":\"https:\/\/stremabenelux.nl\/fr\/\"},{\"@type\":\"ListItem\",\"position\":2,\"name\":\"Clause de non-responsabilit\u00e9\"}]},{\"@type\":\"WebSite\",\"@id\":\"https:\/\/stremabenelux.nl\/fr\/#website\",\"url\":\"https:\/\/stremabenelux.nl\/fr\/\",\"name\":\"Stremabenelux.fr (FR)\",\"description\":\"\",\"potentialAction\":[{\"@type\":\"SearchAction\",\"target\":{\"@type\":\"EntryPoint\",\"urlTemplate\":\"https:\/\/stremabenelux.nl\/fr\/?s={search_term_string}\"},\"query-input\":{\"@type\":\"PropertyValueSpecification\",\"valueRequired\":true,\"valueName\":\"search_term_string\"}}],\"inLanguage\":\"fr-FR\"}]}<\/script>\n<!-- \/ Yoast SEO plugin. -->","yoast_head_json":{"title":"Clause de non-responsabilit\u00e9 - Stremabenelux.fr (FR)","description":"Clause de non-responsabilit\u00e9 pour le site Web de Strema B.V. | STREMA","robots":{"index":"index","follow":"follow","max-snippet":"max-snippet:-1","max-image-preview":"max-image-preview:large","max-video-preview":"max-video-preview:-1"},"canonical":"https:\/\/stremabenelux.nl\/fr\/clause-de-non-responsabilite\/","og_locale":"fr_FR","og_type":"article","og_title":"Clause de non-responsabilit\u00e9 - Stremabenelux.fr (FR)","og_description":"Clause de non-responsabilit\u00e9 pour le site Web de Strema B.V. | STREMA","og_url":"https:\/\/stremabenelux.nl\/fr\/clause-de-non-responsabilite\/","og_site_name":"Stremabenelux.fr (FR)","article_modified_time":"2021-10-14T07:27:49+00:00","twitter_card":"summary_large_image","twitter_misc":{"Dur\u00e9e de lecture estim\u00e9e":"2 minutes"},"schema":{"@context":"https:\/\/schema.org","@graph":[{"@type":"WebPage","@id":"https:\/\/stremabenelux.nl\/fr\/clause-de-non-responsabilite\/","url":"https:\/\/stremabenelux.nl\/fr\/clause-de-non-responsabilite\/","name":"Clause de non-responsabilit\u00e9 - Stremabenelux.fr (FR)","isPartOf":{"@id":"https:\/\/stremabenelux.nl\/fr\/#website"},"datePublished":"2017-04-10T06:03:25+00:00","dateModified":"2021-10-14T07:27:49+00:00","description":"Clause de non-responsabilit\u00e9 pour le site Web de Strema B.V. | STREMA","breadcrumb":{"@id":"https:\/\/stremabenelux.nl\/fr\/clause-de-non-responsabilite\/#breadcrumb"},"inLanguage":"fr-FR","potentialAction":[{"@type":"ReadAction","target":["https:\/\/stremabenelux.nl\/fr\/clause-de-non-responsabilite\/"]}]},{"@type":"BreadcrumbList","@id":"https:\/\/stremabenelux.nl\/fr\/clause-de-non-responsabilite\/#breadcrumb","itemListElement":[{"@type":"ListItem","position":1,"name":"Home","item":"https:\/\/stremabenelux.nl\/fr\/"},{"@type":"ListItem","position":2,"name":"Clause de non-responsabilit\u00e9"}]},{"@type":"WebSite","@id":"https:\/\/stremabenelux.nl\/fr\/#website","url":"https:\/\/stremabenelux.nl\/fr\/","name":"Stremabenelux.fr (FR)","description":"","potentialAction":[{"@type":"SearchAction","target":{"@type":"EntryPoint","urlTemplate":"https:\/\/stremabenelux.nl\/fr\/?s={search_term_string}"},"query-input":{"@type":"PropertyValueSpecification","valueRequired":true,"valueName":"search_term_string"}}],"inLanguage":"fr-FR"}]}},"_links":{"self":[{"href":"https:\/\/stremabenelux.nl\/fr\/wp-json\/wp\/v2\/pages\/726","targetHints":{"allow":["GET"]}}],"collection":[{"href":"https:\/\/stremabenelux.nl\/fr\/wp-json\/wp\/v2\/pages"}],"about":[{"href":"https:\/\/stremabenelux.nl\/fr\/wp-json\/wp\/v2\/types\/page"}],"author":[{"embeddable":true,"href":"https:\/\/stremabenelux.nl\/fr\/wp-json\/wp\/v2\/users\/1"}],"replies":[{"embeddable":true,"href":"https:\/\/stremabenelux.nl\/fr\/wp-json\/wp\/v2\/comments?post=726"}],"version-history":[{"count":14,"href":"https:\/\/stremabenelux.nl\/fr\/wp-json\/wp\/v2\/pages\/726\/revisions"}],"predecessor-version":[{"id":4139,"href":"https:\/\/stremabenelux.nl\/fr\/wp-json\/wp\/v2\/pages\/726\/revisions\/4139"}],"wp:attachment":[{"href":"https:\/\/stremabenelux.nl\/fr\/wp-json\/wp\/v2\/media?parent=726"}],"curies":[{"name":"wp","href":"https:\/\/api.w.org\/{rel}","templated":true}]}}